{"id":941,"date":"2026-01-30T15:26:42","date_gmt":"2026-01-30T14:26:42","guid":{"rendered":"https:\/\/bc-maasrhein.eu\/?page_id=941"},"modified":"2026-03-25T08:56:14","modified_gmt":"2026-03-25T07:56:14","slug":"impressum","status":"publish","type":"page","link":"https:\/\/bc-maasrhein.eu\/de\/impressum\/","title":{"rendered":"Impressum"},"content":{"rendered":"<div data-elementor-type=\"wp-page\" data-elementor-id=\"941\" class=\"elementor elementor-941\" data-elementor-post-type=\"page\">\n\t\t\t\t<div class=\"elementor-element elementor-element-76f24595 e-flex e-con-boxed e-con e-parent\" data-id=\"76f24595\" data-element_type=\"container\" data-e-type=\"container\">\n\t\t\t\t\t<div class=\"e-con-inner\">\n\t\t\t\t<div class=\"elementor-element elementor-element-4b9e70ef elementor-widget elementor-widget-text-editor\" data-id=\"4b9e70ef\" data-element_type=\"widget\" data-e-type=\"widget\" data-widget_type=\"text-editor.default\">\n\t\t\t\t\t\t\t\t\t<h2>Daten<\/h2><p><strong>Name:<\/strong><br \/>Business Club Maas-Rhein<\/p><p><strong>Rechtsform:<br \/><\/strong>Der Businessclub Maas-Rhein ist eine Stiftung.<\/p><p><strong>Postanschrift<br \/><\/strong>Van Stockhemstraat 4B, 5922 TN Venlo (NL)<\/p><p><strong>Kontaktdaten<br \/><\/strong>E-Mail: info@bc-maasrhein.eu<br \/>Website: https:\/\/bc-maasrhein.eu\/<\/p><p><strong>KvK-Nummer<br \/><\/strong>41064751<\/p><p>\u00a0<\/p><h2>Haftung<\/h2><p>Der Businessclub Maas-Rhein ist um gr\u00f6\u00dftm\u00f6gliche Sorgfalt bei der Zusammenstellung der Inhalte dieser Website bem\u00fcht. Dennoch k\u00f6nnen wir keine Garantie daf\u00fcr \u00fcbernehmen, dass alle Angaben zu jeder Zeit vollst\u00e4ndig, richtig und in letzter Aktualit\u00e4t dargestellt sind. Aus dem Inhalt dieser Website k\u00f6nnen keine Rechte abgeleitet werden.<\/p><p>Der Businessclub Maas-Rhein haftet nicht f\u00fcr direkte oder indirekte Sch\u00e4den, die sich aus der Nutzung dieser Website oder der auf dieser Website bereitgestellten Informationen ergeben.<\/p><h2>Externe Links<\/h2><p>Diese Website kann Links zu externen Websites enthalten. Der Businessclub Maas-Rhein ist nicht verantwortlich f\u00fcr den Inhalt oder das Funktionieren dieser Websites Dritter.<\/p><h2>Urheberrecht<\/h2><p>Der gesamte Inhalt dieser Website, einschlie\u00dflich der Texte, Bilder und Logos, ist Eigentum des Businessclub Maas-Rhein, sofern nicht anders angegeben. Es ist nicht gestattet, Material von dieser Website ohne vorherige schriftliche Genehmigung zu kopieren, zu verbreiten oder anderweitig zu verwenden.<\/p><h2>Anwendbares Recht<\/h2><p>Diese Website und ihre Nutzung unterliegen dem niederl\u00e4ndischen Recht.<\/p>\t\t\t\t\t\t\t\t<\/div>\n\t\t\t\t\t<\/div>\n\t\t\t\t<\/div>\n\t\t\t\t<\/div>","protected":false},"excerpt":{"rendered":"<p>Gegevens Naam:Businessclub Maas-Rhein Rechtsvorm:Businessclub Maas-Rhein is een stichting. PostadresVan Stockhemstraat 4B, 5922 TN Venlo (NL) ContactgegevensE-mail: info@bc-maasrhein.euWebsite: https:\/\/bc-maasrhein.eu\/ KvK-nummer41064751 \u00a0 Aansprakelijkheid Businessclub Maas-Rhein besteedt uiterste zorg aan de inhoud van deze website. Desondanks kunnen wij niet garanderen dat alle informatie volledig, juist of actueel is. Aan de inhoud van deze website kunnen geen rechten worden [&hellip;]<\/p>\n","protected":false},"author":1,"featured_media":0,"parent":0,"menu_order":202,"comment_status":"closed","ping_status":"closed","template":"","meta":{"_acf_changed":false,"footnotes":""},"class_list":["post-941","page","type-page","status-publish","hentry"],"acf":[],"yoast_head":"<!-- This site is optimized with the Yoast SEO plugin v27.2 - https:\/\/yoast.com\/product\/yoast-seo-wordpress\/ -->\n<title>Impressum - BC Maas Rhein<\/title>\n<meta name=\"robots\" content=\"index, follow, max-snippet:-1, max-image-preview:large, max-video-preview:-1\" \/>\n<link rel=\"canonical\" href=\"https:\/\/bc-maasrhein.eu\/de\/impressum\/\" \/>\n<meta property=\"og:locale\" content=\"de_DE\" \/>\n<meta property=\"og:type\" content=\"article\" \/>\n<meta property=\"og:title\" content=\"Impressum - BC Maas Rhein\" \/>\n<meta property=\"og:description\" content=\"Gegevens Naam:Businessclub Maas-Rhein Rechtsvorm:Businessclub Maas-Rhein is een stichting. PostadresVan Stockhemstraat 4B, 5922 TN Venlo (NL) ContactgegevensE-mail: info@bc-maasrhein.euWebsite: https:\/\/bc-maasrhein.eu\/ KvK-nummer41064751 \u00a0 Aansprakelijkheid Businessclub Maas-Rhein besteedt uiterste zorg aan de inhoud van deze website. Desondanks kunnen wij niet garanderen dat alle informatie volledig, juist of actueel is. Aan de inhoud van deze website kunnen geen rechten worden [&hellip;]\" \/>\n<meta property=\"og:url\" content=\"https:\/\/bc-maasrhein.eu\/de\/impressum\/\" \/>\n<meta property=\"og:site_name\" content=\"BC Maas Rhein\" \/>\n<meta property=\"article:modified_time\" content=\"2026-03-25T07:56:14+00:00\" \/>\n<meta name=\"twitter:card\" content=\"summary_large_image\" \/>\n<meta name=\"twitter:label1\" content=\"Gesch\u00e4tzte Lesezeit\" \/>\n\t<meta name=\"twitter:data1\" content=\"1\u00a0Minute\" \/>\n<script type=\"application\/ld+json\" class=\"yoast-schema-graph\">{\"@context\":\"https:\/\/schema.org\",\"@graph\":[{\"@type\":\"WebPage\",\"@id\":\"https:\/\/bc-maasrhein.eu\/impressum\/\",\"url\":\"https:\/\/bc-maasrhein.eu\/impressum\/\",\"name\":\"Impressum - BC Maas Rhein\",\"isPartOf\":{\"@id\":\"https:\/\/bc-maasrhein.eu\/#website\"},\"datePublished\":\"2026-01-30T14:26:42+00:00\",\"dateModified\":\"2026-03-25T07:56:14+00:00\",\"breadcrumb\":{\"@id\":\"https:\/\/bc-maasrhein.eu\/impressum\/#breadcrumb\"},\"inLanguage\":\"de\",\"potentialAction\":[{\"@type\":\"ReadAction\",\"target\":[\"https:\/\/bc-maasrhein.eu\/impressum\/\"]}]},{\"@type\":\"BreadcrumbList\",\"@id\":\"https:\/\/bc-maasrhein.eu\/impressum\/#breadcrumb\",\"itemListElement\":[{\"@type\":\"ListItem\",\"position\":1,\"name\":\"Home\",\"item\":\"https:\/\/bc-maasrhein.eu\/\"},{\"@type\":\"ListItem\",\"position\":2,\"name\":\"Impressum\"}]},{\"@type\":\"WebSite\",\"@id\":\"https:\/\/bc-maasrhein.eu\/#website\",\"url\":\"https:\/\/bc-maasrhein.eu\/\",\"name\":\"BC Maas Rhein\",\"description\":\"\",\"potentialAction\":[{\"@type\":\"SearchAction\",\"target\":{\"@type\":\"EntryPoint\",\"urlTemplate\":\"https:\/\/bc-maasrhein.eu\/?s={search_term_string}\"},\"query-input\":{\"@type\":\"PropertyValueSpecification\",\"valueRequired\":true,\"valueName\":\"search_term_string\"}}],\"inLanguage\":\"de\"}]}<\/script>\n<!-- \/ Yoast SEO plugin. -->","yoast_head_json":{"title":"Impressum - BC Maas Rhein","robots":{"index":"index","follow":"follow","max-snippet":"max-snippet:-1","max-image-preview":"max-image-preview:large","max-video-preview":"max-video-preview:-1"},"canonical":"https:\/\/bc-maasrhein.eu\/de\/impressum\/","og_locale":"de_DE","og_type":"article","og_title":"Impressum - BC Maas Rhein","og_description":"Gegevens Naam:Businessclub Maas-Rhein Rechtsvorm:Businessclub Maas-Rhein is een stichting. PostadresVan Stockhemstraat 4B, 5922 TN Venlo (NL) ContactgegevensE-mail: info@bc-maasrhein.euWebsite: https:\/\/bc-maasrhein.eu\/ KvK-nummer41064751 \u00a0 Aansprakelijkheid Businessclub Maas-Rhein besteedt uiterste zorg aan de inhoud van deze website. Desondanks kunnen wij niet garanderen dat alle informatie volledig, juist of actueel is. Aan de inhoud van deze website kunnen geen rechten worden [&hellip;]","og_url":"https:\/\/bc-maasrhein.eu\/de\/impressum\/","og_site_name":"BC Maas Rhein","article_modified_time":"2026-03-25T07:56:14+00:00","twitter_card":"summary_large_image","twitter_misc":{"Gesch\u00e4tzte Lesezeit":"1\u00a0Minute"},"schema":{"@context":"https:\/\/schema.org","@graph":[{"@type":"WebPage","@id":"https:\/\/bc-maasrhein.eu\/impressum\/","url":"https:\/\/bc-maasrhein.eu\/impressum\/","name":"Impressum - BC Maas Rhein","isPartOf":{"@id":"https:\/\/bc-maasrhein.eu\/#website"},"datePublished":"2026-01-30T14:26:42+00:00","dateModified":"2026-03-25T07:56:14+00:00","breadcrumb":{"@id":"https:\/\/bc-maasrhein.eu\/impressum\/#breadcrumb"},"inLanguage":"de","potentialAction":[{"@type":"ReadAction","target":["https:\/\/bc-maasrhein.eu\/impressum\/"]}]},{"@type":"BreadcrumbList","@id":"https:\/\/bc-maasrhein.eu\/impressum\/#breadcrumb","itemListElement":[{"@type":"ListItem","position":1,"name":"Home","item":"https:\/\/bc-maasrhein.eu\/"},{"@type":"ListItem","position":2,"name":"Impressum"}]},{"@type":"WebSite","@id":"https:\/\/bc-maasrhein.eu\/#website","url":"https:\/\/bc-maasrhein.eu\/","name":"BC Maas Rhein","description":"","potentialAction":[{"@type":"SearchAction","target":{"@type":"EntryPoint","urlTemplate":"https:\/\/bc-maasrhein.eu\/?s={search_term_string}"},"query-input":{"@type":"PropertyValueSpecification","valueRequired":true,"valueName":"search_term_string"}}],"inLanguage":"de"}]}},"_links":{"self":[{"href":"https:\/\/bc-maasrhein.eu\/de\/wp-json\/wp\/v2\/pages\/941","targetHints":{"allow":["GET"]}}],"collection":[{"href":"https:\/\/bc-maasrhein.eu\/de\/wp-json\/wp\/v2\/pages"}],"about":[{"href":"https:\/\/bc-maasrhein.eu\/de\/wp-json\/wp\/v2\/types\/page"}],"author":[{"embeddable":true,"href":"https:\/\/bc-maasrhein.eu\/de\/wp-json\/wp\/v2\/users\/1"}],"replies":[{"embeddable":true,"href":"https:\/\/bc-maasrhein.eu\/de\/wp-json\/wp\/v2\/comments?post=941"}],"version-history":[{"count":5,"href":"https:\/\/bc-maasrhein.eu\/de\/wp-json\/wp\/v2\/pages\/941\/revisions"}],"predecessor-version":[{"id":1125,"href":"https:\/\/bc-maasrhein.eu\/de\/wp-json\/wp\/v2\/pages\/941\/revisions\/1125"}],"wp:attachment":[{"href":"https:\/\/bc-maasrhein.eu\/de\/wp-json\/wp\/v2\/media?parent=941"}],"curies":[{"name":"Welt","href":"https:\/\/api.w.org\/{rel}","templated":true}]}}