{"id":699,"date":"2026-01-29T14:19:38","date_gmt":"2026-01-29T13:19:38","guid":{"rendered":"https:\/\/bc-maasrhein.eu\/?page_id=699"},"modified":"2026-03-27T10:37:50","modified_gmt":"2026-03-27T09:37:50","slug":"bc-maas-rhein-app","status":"publish","type":"page","link":"https:\/\/bc-maasrhein.eu\/de\/bc-maas-rhein-app\/","title":{"rendered":"BC Maas-Rhein-App"},"content":{"rendered":"<div data-elementor-type=\"wp-page\" data-elementor-id=\"699\" class=\"elementor elementor-699\" data-elementor-post-type=\"page\">\n\t\t\t\t<div class=\"elementor-element elementor-element-cdf7b0f e-flex e-con-boxed e-con e-parent\" data-id=\"cdf7b0f\" data-element_type=\"container\" data-e-type=\"container\">\n\t\t\t\t\t<div class=\"e-con-inner\">\n\t\t<div class=\"elementor-element elementor-element-daafc9d e-con-full e-flex e-con e-child\" data-id=\"daafc9d\" data-element_type=\"container\" data-e-type=\"container\">\n\t\t\t\t<div class=\"elementor-element elementor-element-a96489c elementor-widget elementor-widget-heading\" data-id=\"a96489c\" data-element_type=\"widget\" data-e-type=\"widget\" data-widget_type=\"heading.default\">\n\t\t\t\t\t<h2 class=\"elementor-heading-title elementor-size-default\">Lade jetzt unsere App herunter!<\/h2>\t\t\t\t<\/div>\n\t\t\t\t<div class=\"elementor-element elementor-element-2be888c elementor-widget elementor-widget-text-editor\" data-id=\"2be888c\" data-element_type=\"widget\" data-e-type=\"widget\" data-widget_type=\"text-editor.default\">\n\t\t\t\t\t\t\t\t\t<p>Die Business Club Maas Rhein App ist die zentrale Plattform f\u00fcr unsere Mitglieder \u2013 ein Ort, an dem sich Vernetzung, Kommunikation und Zusammenarbeit in einer \u00fcbersichtlichen Umgebung vereinen.<\/p><p>Innerhalb der App bleiben Sie stets \u00fcber aktuelle Nachrichten, bevorstehende Veranstaltungen und wichtige Updates des Business Club Maas Rhein informiert. Ob unterwegs, im B\u00fcro oder im Meeting \u2013 alle Informationen sind jederzeit griffbereit.<\/p><p>Zus\u00e4tzlich bietet die App eine vollst\u00e4ndige Mitglieder\u00fcbersicht, \u00fcber die Sie einfach mit anderen Unternehmern innerhalb unseres Netzwerks in Kontakt treten k\u00f6nnen. So wird es noch einfacher, wertvolle Verbindungen zu kn\u00fcpfen und Kooperationen zu starten.<\/p><p>Auch die Kommunikation ist schnell und effizient. Benachrichtigungen, Nachrichten und Updates sorgen daf\u00fcr, dass Sie nichts verpassen und stets \u00fcber das Geschehen im Netzwerk auf dem Laufenden bleiben.<\/p>\t\t\t\t\t\t\t\t<\/div>\n\t\t\t\t<div class=\"elementor-element elementor-element-03f48ba elementor-widget elementor-widget-text-editor\" data-id=\"03f48ba\" data-element_type=\"widget\" data-e-type=\"widget\" data-widget_type=\"text-editor.default\">\n\t\t\t\t\t\t\t\t\t<p>Die Business Club Maas Rhein App wird von 4planning.nl betrieben. Sie laden die 4planning-App herunter und melden sich mit Ihren pers\u00f6nlichen Zugangsdaten an.<\/p>\t\t\t\t\t\t\t\t<\/div>\n\t\t<div class=\"elementor-element elementor-element-10e677d e-con-full e-flex e-con e-child\" data-id=\"10e677d\" data-element_type=\"container\" data-e-type=\"container\">\n\t\t\t\t<div class=\"elementor-element elementor-element-1cb000f elementor-widget elementor-widget-image\" data-id=\"1cb000f\" data-element_type=\"widget\" data-e-type=\"widget\" data-widget_type=\"image.default\">\n\t\t\t\t\t\t\t\t\t\t\t\t\t\t\t\t<a href=\"https:\/\/apps.apple.com\/nl\/app\/4planning\/id6746540377\" target=\"_blank\">\n\t\t\t\t\t\t\t<img fetchpriority=\"high\" decoding=\"async\" width=\"1347\" height=\"400\" src=\"https:\/\/bc-maasrhein.eu\/wp-content\/uploads\/2026\/03\/Appstore-button.png\" class=\"attachment-full size-full wp-image-1147\" alt=\"\" srcset=\"https:\/\/bc-maasrhein.eu\/wp-content\/uploads\/2026\/03\/Appstore-button.png 1347w, https:\/\/bc-maasrhein.eu\/wp-content\/uploads\/2026\/03\/Appstore-button-300x89.png 300w, https:\/\/bc-maasrhein.eu\/wp-content\/uploads\/2026\/03\/Appstore-button-1024x304.png 1024w, https:\/\/bc-maasrhein.eu\/wp-content\/uploads\/2026\/03\/Appstore-button-768x228.png 768w, https:\/\/bc-maasrhein.eu\/wp-content\/uploads\/2026\/03\/Appstore-button-18x5.png 18w\" sizes=\"(max-width: 1347px) 100vw, 1347px\" \/>\t\t\t\t\t\t\t\t<\/a>\n\t\t\t\t\t\t\t\t\t\t\t\t\t\t\t<\/div>\n\t\t\t\t<div class=\"elementor-element elementor-element-033c368 elementor-widget elementor-widget-image\" data-id=\"033c368\" data-element_type=\"widget\" data-e-type=\"widget\" data-widget_type=\"image.default\">\n\t\t\t\t\t\t\t\t\t\t\t\t\t\t\t\t<a href=\"https:\/\/play.google.com\/store\/apps\/details?id=com.foursoftware.planningandroid&#038;pcampaignid=web_share\" target=\"_blank\">\n\t\t\t\t\t\t\t<img decoding=\"async\" width=\"1347\" height=\"400\" src=\"https:\/\/bc-maasrhein.eu\/wp-content\/uploads\/2026\/03\/playstore-button.png\" class=\"attachment-full size-full wp-image-1146\" alt=\"\" srcset=\"https:\/\/bc-maasrhein.eu\/wp-content\/uploads\/2026\/03\/playstore-button.png 1347w, https:\/\/bc-maasrhein.eu\/wp-content\/uploads\/2026\/03\/playstore-button-300x89.png 300w, https:\/\/bc-maasrhein.eu\/wp-content\/uploads\/2026\/03\/playstore-button-1024x304.png 1024w, https:\/\/bc-maasrhein.eu\/wp-content\/uploads\/2026\/03\/playstore-button-768x228.png 768w, https:\/\/bc-maasrhein.eu\/wp-content\/uploads\/2026\/03\/playstore-button-18x5.png 18w\" sizes=\"(max-width: 1347px) 100vw, 1347px\" \/>\t\t\t\t\t\t\t\t<\/a>\n\t\t\t\t\t\t\t\t\t\t\t\t\t\t\t<\/div>\n\t\t\t\t<\/div>\n\t\t\t\t<\/div>\n\t\t<div class=\"elementor-element elementor-element-23dee3b e-con-full e-flex e-con e-child\" data-id=\"23dee3b\" data-element_type=\"container\" data-e-type=\"container\">\n\t\t<div class=\"elementor-element elementor-element-22cfaa5 e-con-full e-flex e-con e-child\" data-id=\"22cfaa5\" data-element_type=\"container\" data-e-type=\"container\" data-settings=\"{&quot;background_background&quot;:&quot;classic&quot;}\">\n\t\t\t\t<div class=\"elementor-element elementor-element-7024cbb elementor-widget elementor-widget-image\" data-id=\"7024cbb\" data-element_type=\"widget\" data-e-type=\"widget\" data-widget_type=\"image.default\">\n\t\t\t\t\t\t\t\t\t\t\t\t\t\t\t<img decoding=\"async\" width=\"586\" height=\"1024\" src=\"https:\/\/bc-maasrhein.eu\/wp-content\/uploads\/2026\/03\/9054-01-hand-holding-phone-mockup-586x1024.png\" class=\"attachment-large size-large wp-image-1148\" alt=\"\" srcset=\"https:\/\/bc-maasrhein.eu\/wp-content\/uploads\/2026\/03\/9054-01-hand-holding-phone-mockup-586x1024.png 586w, https:\/\/bc-maasrhein.eu\/wp-content\/uploads\/2026\/03\/9054-01-hand-holding-phone-mockup-172x300.png 172w, https:\/\/bc-maasrhein.eu\/wp-content\/uploads\/2026\/03\/9054-01-hand-holding-phone-mockup-7x12.png 7w, https:\/\/bc-maasrhein.eu\/wp-content\/uploads\/2026\/03\/9054-01-hand-holding-phone-mockup.png 588w\" sizes=\"(max-width: 586px) 100vw, 586px\" \/>\t\t\t\t\t\t\t\t\t\t\t\t\t\t\t<\/div>\n\t\t\t\t<\/div>\n\t\t\t\t<\/div>\n\t\t\t\t\t<\/div>\n\t\t\t\t<\/div>\n\t\t\t\t<\/div>","protected":false},"excerpt":{"rendered":"<p>Download nu onze app! De Businessclub Maas-Rhein app is h\u00e9t centrale platform voor onze leden. Een plek waar verbinden, communiceren en samenwerken samenkomen in \u00e9\u00e9n overzichtelijke omgeving. Binnen de app blijf je altijd op de hoogte van het laatste nieuws, aankomende events en belangrijke updates vanuit de businessclub. Of je nu onderweg bent, op kantoor [&hellip;]<\/p>\n","protected":false},"author":1,"featured_media":0,"parent":0,"menu_order":70,"comment_status":"closed","ping_status":"closed","template":"","meta":{"_acf_changed":false,"footnotes":""},"class_list":["post-699","page","type-page","status-publish","hentry"],"acf":[],"yoast_head":"<!-- This site is optimized with the Yoast SEO plugin v27.2 - https:\/\/yoast.com\/product\/yoast-seo-wordpress\/ -->\n<title>BC Maas-Rhein app - BC Maas Rhein<\/title>\n<meta name=\"robots\" content=\"index, follow, max-snippet:-1, max-image-preview:large, max-video-preview:-1\" \/>\n<link rel=\"canonical\" href=\"https:\/\/bc-maasrhein.eu\/de\/bc-maas-rhein-app\/\" \/>\n<meta property=\"og:locale\" content=\"de_DE\" \/>\n<meta property=\"og:type\" content=\"article\" \/>\n<meta property=\"og:title\" content=\"BC Maas-Rhein app - BC Maas Rhein\" \/>\n<meta property=\"og:description\" content=\"Download nu onze app! De Businessclub Maas-Rhein app is h\u00e9t centrale platform voor onze leden. Een plek waar verbinden, communiceren en samenwerken samenkomen in \u00e9\u00e9n overzichtelijke omgeving. Binnen de app blijf je altijd op de hoogte van het laatste nieuws, aankomende events en belangrijke updates vanuit de businessclub. Of je nu onderweg bent, op kantoor [&hellip;]\" \/>\n<meta property=\"og:url\" content=\"https:\/\/bc-maasrhein.eu\/de\/bc-maas-rhein-app\/\" \/>\n<meta property=\"og:site_name\" content=\"BC Maas Rhein\" \/>\n<meta property=\"article:modified_time\" content=\"2026-03-27T09:37:50+00:00\" \/>\n<meta property=\"og:image\" content=\"https:\/\/bc-maasrhein.eu\/wp-content\/uploads\/2026\/03\/Appstore-button.png\" \/>\n\t<meta property=\"og:image:width\" content=\"1347\" \/>\n\t<meta property=\"og:image:height\" content=\"400\" \/>\n\t<meta property=\"og:image:type\" content=\"image\/png\" \/>\n<meta name=\"twitter:card\" content=\"summary_large_image\" \/>\n<meta name=\"twitter:label1\" content=\"Gesch\u00e4tzte Lesezeit\" \/>\n\t<meta name=\"twitter:data1\" content=\"2\u00a0Minuten\" \/>\n<script type=\"application\/ld+json\" class=\"yoast-schema-graph\">{\"@context\":\"https:\/\/schema.org\",\"@graph\":[{\"@type\":\"WebPage\",\"@id\":\"https:\/\/bc-maasrhein.eu\/bc-maas-rhein-app\/\",\"url\":\"https:\/\/bc-maasrhein.eu\/bc-maas-rhein-app\/\",\"name\":\"BC Maas-Rhein app - BC Maas Rhein\",\"isPartOf\":{\"@id\":\"https:\/\/bc-maasrhein.eu\/#website\"},\"primaryImageOfPage\":{\"@id\":\"https:\/\/bc-maasrhein.eu\/bc-maas-rhein-app\/#primaryimage\"},\"image\":{\"@id\":\"https:\/\/bc-maasrhein.eu\/bc-maas-rhein-app\/#primaryimage\"},\"thumbnailUrl\":\"https:\/\/bc-maasrhein.eu\/wp-content\/uploads\/2026\/03\/Appstore-button.png\",\"datePublished\":\"2026-01-29T13:19:38+00:00\",\"dateModified\":\"2026-03-27T09:37:50+00:00\",\"breadcrumb\":{\"@id\":\"https:\/\/bc-maasrhein.eu\/bc-maas-rhein-app\/#breadcrumb\"},\"inLanguage\":\"de\",\"potentialAction\":[{\"@type\":\"ReadAction\",\"target\":[\"https:\/\/bc-maasrhein.eu\/bc-maas-rhein-app\/\"]}]},{\"@type\":\"ImageObject\",\"inLanguage\":\"de\",\"@id\":\"https:\/\/bc-maasrhein.eu\/bc-maas-rhein-app\/#primaryimage\",\"url\":\"https:\/\/bc-maasrhein.eu\/wp-content\/uploads\/2026\/03\/Appstore-button.png\",\"contentUrl\":\"https:\/\/bc-maasrhein.eu\/wp-content\/uploads\/2026\/03\/Appstore-button.png\"},{\"@type\":\"BreadcrumbList\",\"@id\":\"https:\/\/bc-maasrhein.eu\/bc-maas-rhein-app\/#breadcrumb\",\"itemListElement\":[{\"@type\":\"ListItem\",\"position\":1,\"name\":\"Home\",\"item\":\"https:\/\/bc-maasrhein.eu\/\"},{\"@type\":\"ListItem\",\"position\":2,\"name\":\"BC Maas-Rhein app\"}]},{\"@type\":\"WebSite\",\"@id\":\"https:\/\/bc-maasrhein.eu\/#website\",\"url\":\"https:\/\/bc-maasrhein.eu\/\",\"name\":\"BC Maas Rhein\",\"description\":\"\",\"potentialAction\":[{\"@type\":\"SearchAction\",\"target\":{\"@type\":\"EntryPoint\",\"urlTemplate\":\"https:\/\/bc-maasrhein.eu\/?s={search_term_string}\"},\"query-input\":{\"@type\":\"PropertyValueSpecification\",\"valueRequired\":true,\"valueName\":\"search_term_string\"}}],\"inLanguage\":\"de\"}]}<\/script>\n<!-- \/ Yoast SEO plugin. -->","yoast_head_json":{"title":"BC Maas-Rhein app - BC Maas Rhein","robots":{"index":"index","follow":"follow","max-snippet":"max-snippet:-1","max-image-preview":"max-image-preview:large","max-video-preview":"max-video-preview:-1"},"canonical":"https:\/\/bc-maasrhein.eu\/de\/bc-maas-rhein-app\/","og_locale":"de_DE","og_type":"article","og_title":"BC Maas-Rhein app - BC Maas Rhein","og_description":"Download nu onze app! De Businessclub Maas-Rhein app is h\u00e9t centrale platform voor onze leden. Een plek waar verbinden, communiceren en samenwerken samenkomen in \u00e9\u00e9n overzichtelijke omgeving. Binnen de app blijf je altijd op de hoogte van het laatste nieuws, aankomende events en belangrijke updates vanuit de businessclub. Of je nu onderweg bent, op kantoor [&hellip;]","og_url":"https:\/\/bc-maasrhein.eu\/de\/bc-maas-rhein-app\/","og_site_name":"BC Maas Rhein","article_modified_time":"2026-03-27T09:37:50+00:00","og_image":[{"width":1347,"height":400,"url":"https:\/\/bc-maasrhein.eu\/wp-content\/uploads\/2026\/03\/Appstore-button.png","type":"image\/png"}],"twitter_card":"summary_large_image","twitter_misc":{"Gesch\u00e4tzte Lesezeit":"2\u00a0Minuten"},"schema":{"@context":"https:\/\/schema.org","@graph":[{"@type":"WebPage","@id":"https:\/\/bc-maasrhein.eu\/bc-maas-rhein-app\/","url":"https:\/\/bc-maasrhein.eu\/bc-maas-rhein-app\/","name":"BC Maas-Rhein app - BC Maas Rhein","isPartOf":{"@id":"https:\/\/bc-maasrhein.eu\/#website"},"primaryImageOfPage":{"@id":"https:\/\/bc-maasrhein.eu\/bc-maas-rhein-app\/#primaryimage"},"image":{"@id":"https:\/\/bc-maasrhein.eu\/bc-maas-rhein-app\/#primaryimage"},"thumbnailUrl":"https:\/\/bc-maasrhein.eu\/wp-content\/uploads\/2026\/03\/Appstore-button.png","datePublished":"2026-01-29T13:19:38+00:00","dateModified":"2026-03-27T09:37:50+00:00","breadcrumb":{"@id":"https:\/\/bc-maasrhein.eu\/bc-maas-rhein-app\/#breadcrumb"},"inLanguage":"de","potentialAction":[{"@type":"ReadAction","target":["https:\/\/bc-maasrhein.eu\/bc-maas-rhein-app\/"]}]},{"@type":"ImageObject","inLanguage":"de","@id":"https:\/\/bc-maasrhein.eu\/bc-maas-rhein-app\/#primaryimage","url":"https:\/\/bc-maasrhein.eu\/wp-content\/uploads\/2026\/03\/Appstore-button.png","contentUrl":"https:\/\/bc-maasrhein.eu\/wp-content\/uploads\/2026\/03\/Appstore-button.png"},{"@type":"BreadcrumbList","@id":"https:\/\/bc-maasrhein.eu\/bc-maas-rhein-app\/#breadcrumb","itemListElement":[{"@type":"ListItem","position":1,"name":"Home","item":"https:\/\/bc-maasrhein.eu\/"},{"@type":"ListItem","position":2,"name":"BC Maas-Rhein app"}]},{"@type":"WebSite","@id":"https:\/\/bc-maasrhein.eu\/#website","url":"https:\/\/bc-maasrhein.eu\/","name":"BC Maas Rhein","description":"","potentialAction":[{"@type":"SearchAction","target":{"@type":"EntryPoint","urlTemplate":"https:\/\/bc-maasrhein.eu\/?s={search_term_string}"},"query-input":{"@type":"PropertyValueSpecification","valueRequired":true,"valueName":"search_term_string"}}],"inLanguage":"de"}]}},"_links":{"self":[{"href":"https:\/\/bc-maasrhein.eu\/de\/wp-json\/wp\/v2\/pages\/699","targetHints":{"allow":["GET"]}}],"collection":[{"href":"https:\/\/bc-maasrhein.eu\/de\/wp-json\/wp\/v2\/pages"}],"about":[{"href":"https:\/\/bc-maasrhein.eu\/de\/wp-json\/wp\/v2\/types\/page"}],"author":[{"embeddable":true,"href":"https:\/\/bc-maasrhein.eu\/de\/wp-json\/wp\/v2\/users\/1"}],"replies":[{"embeddable":true,"href":"https:\/\/bc-maasrhein.eu\/de\/wp-json\/wp\/v2\/comments?post=699"}],"version-history":[{"count":14,"href":"https:\/\/bc-maasrhein.eu\/de\/wp-json\/wp\/v2\/pages\/699\/revisions"}],"predecessor-version":[{"id":1820,"href":"https:\/\/bc-maasrhein.eu\/de\/wp-json\/wp\/v2\/pages\/699\/revisions\/1820"}],"wp:attachment":[{"href":"https:\/\/bc-maasrhein.eu\/de\/wp-json\/wp\/v2\/media?parent=699"}],"curies":[{"name":"Welt","href":"https:\/\/api.w.org\/{rel}","templated":true}]}}