{"id":292,"date":"2026-01-22T14:36:29","date_gmt":"2026-01-22T13:36:29","guid":{"rendered":"https:\/\/bc-maasrhein.eu\/?page_id=292"},"modified":"2026-03-25T08:55:24","modified_gmt":"2026-03-25T07:55:24","slug":"partners","status":"publish","type":"page","link":"https:\/\/bc-maasrhein.eu\/de\/partners\/","title":{"rendered":"Partner"},"content":{"rendered":"<div data-elementor-type=\"wp-page\" data-elementor-id=\"292\" class=\"elementor elementor-292\" data-elementor-post-type=\"page\">\n\t\t\t\t<div class=\"elementor-element elementor-element-c5ea3a0 e-flex e-con-boxed e-con e-parent\" data-id=\"c5ea3a0\" data-element_type=\"container\" data-e-type=\"container\">\n\t\t\t\t\t<div class=\"e-con-inner\">\n\t\t\t\t<div class=\"elementor-element elementor-element-ff0f32f elementor-widget elementor-widget-text-editor\" data-id=\"ff0f32f\" data-element_type=\"widget\" data-e-type=\"widget\" data-widget_type=\"text-editor.default\">\n\t\t\t\t\t\t\t\t\t<h3 data-start=\"465\" data-end=\"499\">Starkes Netzwerk, starke Partner<\/h3><p data-start=\"501\" data-end=\"802\">Business Club Maas Rhein glaubt an die Kraft der Verbindung \u2013 nicht nur zwischen Unternehmern, sondern auch zwischen Praxis und Wissen. Deshalb arbeiten wir mit f\u00fchrenden Partnern in der Region zusammen, wie zum Beispiel <strong data-start=\"703\" data-end=\"730\">Fontys Hochschule Venlo<\/strong> (Fachgebiet Grenz\u00fcberschreitende Gesch\u00e4ftsentwicklung) und <strong data-start=\"780\" data-end=\"801\">Unternehmerisch Venlo<\/strong>.<\/p><p data-start=\"804\" data-end=\"1128\">Diese Kooperationen sorgen f\u00fcr ein wertvolles Zusammenspiel zwischen Unternehmertum, Forschung und regionaler Entwicklung. Gemeinsam bauen wir an einem Netzwerk, in dem Mitglieder nicht nur neue Kontakte kn\u00fcpfen, sondern auch Zugang zu aktuellen Erkenntnissen, Fachwissen und konkreter Unterst\u00fctzung beim grenz\u00fcberschreitenden Unternehmertum erhalten.<\/p><p data-start=\"1130\" data-end=\"1239\">F\u00fcr unsere Mitglieder bedeutet dies: kurze Wege, neue Chancen und eine st\u00e4rkere Br\u00fccke zwischen den Niederlanden und Deutschland.<\/p>\t\t\t\t\t\t\t\t<\/div>\n\t\t\t\t\t<\/div>\n\t\t\t\t<\/div>\n\t\t<div class=\"elementor-element elementor-element-d661a29 e-flex e-con-boxed e-con e-parent\" data-id=\"d661a29\" data-element_type=\"container\" data-e-type=\"container\">\n\t\t\t\t\t<div class=\"e-con-inner\">\n\t\t<div class=\"elementor-element elementor-element-eefcc13 e-con-full e-flex e-con e-child\" data-id=\"eefcc13\" data-element_type=\"container\" data-e-type=\"container\" data-settings=\"{&quot;background_background&quot;:&quot;classic&quot;}\">\n\t\t\t\t<div class=\"elementor-element elementor-element-048e9e2 elementor-widget elementor-widget-image\" data-id=\"048e9e2\" data-element_type=\"widget\" data-e-type=\"widget\" data-widget_type=\"image.default\">\n\t\t\t\t\t\t\t\t\t\t\t\t\t\t\t<img fetchpriority=\"high\" decoding=\"async\" width=\"398\" height=\"399\" src=\"https:\/\/bc-maasrhein.eu\/wp-content\/uploads\/2026\/02\/Fontys-Venlo-e1774210369437.jpg\" class=\"attachment-full size-full wp-image-984\" alt=\"\" srcset=\"https:\/\/bc-maasrhein.eu\/wp-content\/uploads\/2026\/02\/Fontys-Venlo-e1774210369437.jpg 398w, https:\/\/bc-maasrhein.eu\/wp-content\/uploads\/2026\/02\/Fontys-Venlo-e1774210369437-300x300.jpg 300w, https:\/\/bc-maasrhein.eu\/wp-content\/uploads\/2026\/02\/Fontys-Venlo-e1774210369437-150x150.jpg 150w\" sizes=\"(max-width: 398px) 100vw, 398px\" \/>\t\t\t\t\t\t\t\t\t\t\t\t\t\t\t<\/div>\n\t\t\t\t<div class=\"elementor-element elementor-element-5d5e1ee elementor-widget elementor-widget-text-editor\" data-id=\"5d5e1ee\" data-element_type=\"widget\" data-e-type=\"widget\" data-widget_type=\"text-editor.default\">\n\t\t\t\t\t\t\t\t\t<h2 data-start=\"279\" data-end=\"332\">Fontys Venlo \u2013 Grenz\u00fcberschreitende Gesch\u00e4ftsentwicklung<\/h2><p data-start=\"334\" data-end=\"730\">Der internationale Campus von <strong data-start=\"363\" data-end=\"390\">Fontys Hochschule Venlo<\/strong> besteht seit den 90er Jahren und hat sich zu einem einzigartigen Ort entwickelt, an dem Bildung und Unternehmertum im Herzen der deutsch-niederl\u00e4ndischen Grenzregion zusammenkommen. Fontys Venlo bietet internationale Studieng\u00e4nge in niederl\u00e4ndischer, deutscher und englischer Sprache an und spielt damit eine wichtige Rolle bei der Entwicklung von Talenten und Innovationen in der Euregio.<\/p><p data-start=\"732\" data-end=\"964\">Fontys ist stark mit der regionalen Gesch\u00e4ftswelt verbunden. Dank der internationalen Zusammensetzung von Studenten, Dozenten und Kooperationspartnern ist der grenz\u00fcberschreitende Fokus in allem, was Fontys Venlo tut, deutlich sichtbar.<\/p><hr data-start=\"966\" data-end=\"969\" \/><h3 data-start=\"971\" data-end=\"1025\">Lektorenamt grenz\u00fcberschreitende Gesch\u00e4ftsentwicklung (CBBD)<\/h3><p data-start=\"1027\" data-end=\"1302\">Seit 2013 verf\u00fcgt Fontys Venlo \u00fcber das Lehrstuhl <strong data-start=\"1079\" data-end=\"1123\">Grenz\u00fcberschreitende Gesch\u00e4ftsentwicklung (GGE)<\/strong>. Hiermee neemt Fontys een unieke positie in binnen het Nederlandse onderwijs. CBBD richt zich op het versterken van ondernemerschap en samenwerking aan beide zijden van de grens.<\/p><p data-start=\"1304\" data-end=\"1533\">Das Lektorat weist Studierende und Unternehmen in den niederl\u00e4ndischen und deutschen Markt und Chancen ein. Dies geschieht durch angewandte Forschung, Lehre und konkrete Projekte, die zu einer starken und zukunftsorientierten Grenzregion beitragen.<\/p><p data-start=\"1535\" data-end=\"1699\">Ein wichtiges Ziel: Hochqualifizierte Fachkr\u00e4fte an die euregio Rhein-Maas-Nord binden und Bewusstsein f\u00fcr die M\u00f6glichkeiten schaffen, die diese Region zu bieten hat.<\/p><hr data-start=\"1701\" data-end=\"1704\" \/><h3 data-start=\"1706\" data-end=\"1721\">Mehr wissen?<\/h3><p data-start=\"1723\" data-end=\"1873\">Sehen Sie auf der Website und den sozialen Medien von Fontys Cross-Border Business Development nach weiteren Informationen zu deren Projekten, Forschungen und Kooperationen.<\/p><p data-start=\"1875\" data-end=\"1915\">\ud83d\udc49 <a href=\"https:\/\/www.fontys.nl\/Onderzoek\/Cross-border-business-development.htm\"><strong data-start=\"1878\" data-end=\"1915\">Besuchen Sie die Website von Fontys CBBD<\/strong><\/a><\/p>\t\t\t\t\t\t\t\t<\/div>\n\t\t\t\t<\/div>\n\t\t<div class=\"elementor-element elementor-element-3dcd4db e-con-full e-flex e-con e-child\" data-id=\"3dcd4db\" data-element_type=\"container\" data-e-type=\"container\" data-settings=\"{&quot;background_background&quot;:&quot;classic&quot;}\">\n\t\t\t\t<div class=\"elementor-element elementor-element-0c79400 elementor-widget elementor-widget-image\" data-id=\"0c79400\" data-element_type=\"widget\" data-e-type=\"widget\" data-widget_type=\"image.default\">\n\t\t\t\t\t\t\t\t\t\t\t\t\t\t\t<img decoding=\"async\" width=\"2560\" height=\"1002\" src=\"https:\/\/bc-maasrhein.eu\/wp-content\/uploads\/2026\/03\/OV_logo-RGB.png-scaled.webp\" class=\"attachment-full size-full wp-image-1109\" alt=\"\" srcset=\"https:\/\/bc-maasrhein.eu\/wp-content\/uploads\/2026\/03\/OV_logo-RGB.png-scaled.webp 2560w, https:\/\/bc-maasrhein.eu\/wp-content\/uploads\/2026\/03\/OV_logo-RGB.png-300x117.webp 300w, https:\/\/bc-maasrhein.eu\/wp-content\/uploads\/2026\/03\/OV_logo-RGB.png-1024x401.webp 1024w, https:\/\/bc-maasrhein.eu\/wp-content\/uploads\/2026\/03\/OV_logo-RGB.png-768x300.webp 768w, https:\/\/bc-maasrhein.eu\/wp-content\/uploads\/2026\/03\/OV_logo-RGB.png-1536x601.webp 1536w, https:\/\/bc-maasrhein.eu\/wp-content\/uploads\/2026\/03\/OV_logo-RGB.png-2048x801.webp 2048w\" sizes=\"(max-width: 2560px) 100vw, 2560px\" \/>\t\t\t\t\t\t\t\t\t\t\t\t\t\t\t<\/div>\n\t\t\t\t<div class=\"elementor-element elementor-element-41689ce elementor-widget elementor-widget-text-editor\" data-id=\"41689ce\" data-element_type=\"widget\" data-e-type=\"widget\" data-widget_type=\"text-editor.default\">\n\t\t\t\t\t\t\t\t\t<h2 data-start=\"192\" data-end=\"221\">Unternehmerisch Venlo (O.V.)<\/h2><p data-start=\"223\" data-end=\"474\"><strong data-start=\"223\" data-end=\"251\">Unternehmerisch Venlo (O.V.)<\/strong> ist der Interessenverband f\u00fcr Unternehmer auf den Gewerbegebieten innerhalb der Gemeinde Venlo. O.V. vertritt \u00fcber <strong data-start=\"373\" data-end=\"392\">1.200 Unternehmen<\/strong> um etwa <strong data-start=\"402\" data-end=\"423\">40.000 Arbeitnehmer<\/strong> verteilt \u00fcber mehr als zwanzig Gewerbegebiete.<\/p><p data-start=\"476\" data-end=\"641\">Die Organisation engagiert sich aktiv f\u00fcr ein starkes Unternehmertum in der Region und wird von einem Vorstand geleitet, der von verschiedenen Aussch\u00fcssen unterst\u00fctzt wird.<\/p><hr data-start=\"643\" data-end=\"646\" \/><h3 data-start=\"648\" data-end=\"694\">Fokus auf Internationalisierung und Deutschland<\/h3><p data-start=\"696\" data-end=\"938\">Ein wichtiger Schwerpunkt innerhalb von Ondernemend Venlo ist <strong data-start=\"749\" data-end=\"773\">Internationalisierung<\/strong>, mit besonderem Augenmerk auf die wirtschaftliche Verbindung zwischen Venlo und dem Nachbarland Deutschland. Aus diesem Ehrgeiz heraus arbeitet O.V. eng mit Partnern in der Grenzregion zusammen.<\/p><p data-start=\"940\" data-end=\"1184\">Die Kommission Internationalisierung wird vom Vorsitzenden von <strong data-start=\"1010\" data-end=\"1038\">der Business Club Maas Rhein<\/strong> \u2014 eine bewusste Zusammenarbeit, die die starke Verbindung zwischen O.V. und BCMR unterstreicht und Unternehmern hilft, grenz\u00fcberschreitende Chancen konkret zu nutzen.<\/p><p data-start=\"1875\" data-end=\"1915\">\ud83d\udc49 <a href=\"https:\/\/www.ondernemendvenlo.nl\/activiteiten\/\"><strong data-start=\"1878\" data-end=\"1915\">Besuchen Sie die Website von Ondernemend Venlo<\/strong><\/a><\/p><p data-start=\"940\" data-end=\"1184\">\u00a0<\/p>\t\t\t\t\t\t\t\t<\/div>\n\t\t\t\t<\/div>\n\t\t\t\t\t<\/div>\n\t\t\t\t<\/div>\n\t\t\t\t<\/div>","protected":false},"excerpt":{"rendered":"<p>Sterk netwerk, sterke partners Business Club Maas Rhein gelooft in de kracht van verbinding \u2014 niet alleen tussen ondernemers, maar ook tussen praktijk en kennis. Daarom werken wij samen met toonaangevende partners in de regio, zoals Fontys Hogeschool Venlo (lectoraat Cross-Border Business Development) en Ondernemend Venlo. Deze samenwerkingen zorgen voor een waardevolle wisselwerking tussen ondernemerschap, [&hellip;]<\/p>\n","protected":false},"author":1,"featured_media":0,"parent":0,"menu_order":40,"comment_status":"closed","ping_status":"closed","template":"","meta":{"_acf_changed":false,"footnotes":""},"class_list":["post-292","page","type-page","status-publish","hentry"],"acf":[],"yoast_head":"<!-- This site is optimized with the Yoast SEO plugin v27.2 - https:\/\/yoast.com\/product\/yoast-seo-wordpress\/ -->\n<title>Partners - BC Maas Rhein<\/title>\n<meta name=\"robots\" content=\"index, follow, max-snippet:-1, max-image-preview:large, max-video-preview:-1\" \/>\n<link rel=\"canonical\" href=\"https:\/\/bc-maasrhein.eu\/de\/partners\/\" \/>\n<meta property=\"og:locale\" content=\"de_DE\" \/>\n<meta property=\"og:type\" content=\"article\" \/>\n<meta property=\"og:title\" content=\"Partners - BC Maas Rhein\" \/>\n<meta property=\"og:description\" content=\"Sterk netwerk, sterke partners Business Club Maas Rhein gelooft in de kracht van verbinding \u2014 niet alleen tussen ondernemers, maar ook tussen praktijk en kennis. Daarom werken wij samen met toonaangevende partners in de regio, zoals Fontys Hogeschool Venlo (lectoraat Cross-Border Business Development) en Ondernemend Venlo. Deze samenwerkingen zorgen voor een waardevolle wisselwerking tussen ondernemerschap, [&hellip;]\" \/>\n<meta property=\"og:url\" content=\"https:\/\/bc-maasrhein.eu\/de\/partners\/\" \/>\n<meta property=\"og:site_name\" content=\"BC Maas Rhein\" \/>\n<meta property=\"article:modified_time\" content=\"2026-03-25T07:55:24+00:00\" \/>\n<meta property=\"og:image\" content=\"https:\/\/bc-maasrhein.eu\/wp-content\/uploads\/2026\/02\/Fontys-Venlo-e1774210369437.jpg\" \/>\n\t<meta property=\"og:image:width\" content=\"398\" \/>\n\t<meta property=\"og:image:height\" content=\"399\" \/>\n\t<meta property=\"og:image:type\" content=\"image\/jpeg\" \/>\n<meta name=\"twitter:card\" content=\"summary_large_image\" \/>\n<meta name=\"twitter:label1\" content=\"Gesch\u00e4tzte Lesezeit\" \/>\n\t<meta name=\"twitter:data1\" content=\"3\u00a0Minuten\" \/>\n<script type=\"application\/ld+json\" class=\"yoast-schema-graph\">{\"@context\":\"https:\/\/schema.org\",\"@graph\":[{\"@type\":\"WebPage\",\"@id\":\"https:\/\/bc-maasrhein.eu\/partners\/\",\"url\":\"https:\/\/bc-maasrhein.eu\/partners\/\",\"name\":\"Partners - BC Maas Rhein\",\"isPartOf\":{\"@id\":\"https:\/\/bc-maasrhein.eu\/#website\"},\"primaryImageOfPage\":{\"@id\":\"https:\/\/bc-maasrhein.eu\/partners\/#primaryimage\"},\"image\":{\"@id\":\"https:\/\/bc-maasrhein.eu\/partners\/#primaryimage\"},\"thumbnailUrl\":\"https:\/\/bc-maasrhein.eu\/wp-content\/uploads\/2026\/02\/Fontys-Venlo-e1774210369437.jpg\",\"datePublished\":\"2026-01-22T13:36:29+00:00\",\"dateModified\":\"2026-03-25T07:55:24+00:00\",\"breadcrumb\":{\"@id\":\"https:\/\/bc-maasrhein.eu\/partners\/#breadcrumb\"},\"inLanguage\":\"de\",\"potentialAction\":[{\"@type\":\"ReadAction\",\"target\":[\"https:\/\/bc-maasrhein.eu\/partners\/\"]}]},{\"@type\":\"ImageObject\",\"inLanguage\":\"de\",\"@id\":\"https:\/\/bc-maasrhein.eu\/partners\/#primaryimage\",\"url\":\"https:\/\/bc-maasrhein.eu\/wp-content\/uploads\/2026\/02\/Fontys-Venlo-e1774210369437.jpg\",\"contentUrl\":\"https:\/\/bc-maasrhein.eu\/wp-content\/uploads\/2026\/02\/Fontys-Venlo-e1774210369437.jpg\"},{\"@type\":\"BreadcrumbList\",\"@id\":\"https:\/\/bc-maasrhein.eu\/partners\/#breadcrumb\",\"itemListElement\":[{\"@type\":\"ListItem\",\"position\":1,\"name\":\"Home\",\"item\":\"https:\/\/bc-maasrhein.eu\/\"},{\"@type\":\"ListItem\",\"position\":2,\"name\":\"Partners\"}]},{\"@type\":\"WebSite\",\"@id\":\"https:\/\/bc-maasrhein.eu\/#website\",\"url\":\"https:\/\/bc-maasrhein.eu\/\",\"name\":\"BC Maas Rhein\",\"description\":\"\",\"potentialAction\":[{\"@type\":\"SearchAction\",\"target\":{\"@type\":\"EntryPoint\",\"urlTemplate\":\"https:\/\/bc-maasrhein.eu\/?s={search_term_string}\"},\"query-input\":{\"@type\":\"PropertyValueSpecification\",\"valueRequired\":true,\"valueName\":\"search_term_string\"}}],\"inLanguage\":\"de\"}]}<\/script>\n<!-- \/ Yoast SEO plugin. -->","yoast_head_json":{"title":"Partners - BC Maas Rhein","robots":{"index":"index","follow":"follow","max-snippet":"max-snippet:-1","max-image-preview":"max-image-preview:large","max-video-preview":"max-video-preview:-1"},"canonical":"https:\/\/bc-maasrhein.eu\/de\/partners\/","og_locale":"de_DE","og_type":"article","og_title":"Partners - BC Maas Rhein","og_description":"Sterk netwerk, sterke partners Business Club Maas Rhein gelooft in de kracht van verbinding \u2014 niet alleen tussen ondernemers, maar ook tussen praktijk en kennis. Daarom werken wij samen met toonaangevende partners in de regio, zoals Fontys Hogeschool Venlo (lectoraat Cross-Border Business Development) en Ondernemend Venlo. Deze samenwerkingen zorgen voor een waardevolle wisselwerking tussen ondernemerschap, [&hellip;]","og_url":"https:\/\/bc-maasrhein.eu\/de\/partners\/","og_site_name":"BC Maas Rhein","article_modified_time":"2026-03-25T07:55:24+00:00","og_image":[{"width":398,"height":399,"url":"https:\/\/bc-maasrhein.eu\/wp-content\/uploads\/2026\/02\/Fontys-Venlo-e1774210369437.jpg","type":"image\/jpeg"}],"twitter_card":"summary_large_image","twitter_misc":{"Gesch\u00e4tzte Lesezeit":"3\u00a0Minuten"},"schema":{"@context":"https:\/\/schema.org","@graph":[{"@type":"WebPage","@id":"https:\/\/bc-maasrhein.eu\/partners\/","url":"https:\/\/bc-maasrhein.eu\/partners\/","name":"Partners - BC Maas Rhein","isPartOf":{"@id":"https:\/\/bc-maasrhein.eu\/#website"},"primaryImageOfPage":{"@id":"https:\/\/bc-maasrhein.eu\/partners\/#primaryimage"},"image":{"@id":"https:\/\/bc-maasrhein.eu\/partners\/#primaryimage"},"thumbnailUrl":"https:\/\/bc-maasrhein.eu\/wp-content\/uploads\/2026\/02\/Fontys-Venlo-e1774210369437.jpg","datePublished":"2026-01-22T13:36:29+00:00","dateModified":"2026-03-25T07:55:24+00:00","breadcrumb":{"@id":"https:\/\/bc-maasrhein.eu\/partners\/#breadcrumb"},"inLanguage":"de","potentialAction":[{"@type":"ReadAction","target":["https:\/\/bc-maasrhein.eu\/partners\/"]}]},{"@type":"ImageObject","inLanguage":"de","@id":"https:\/\/bc-maasrhein.eu\/partners\/#primaryimage","url":"https:\/\/bc-maasrhein.eu\/wp-content\/uploads\/2026\/02\/Fontys-Venlo-e1774210369437.jpg","contentUrl":"https:\/\/bc-maasrhein.eu\/wp-content\/uploads\/2026\/02\/Fontys-Venlo-e1774210369437.jpg"},{"@type":"BreadcrumbList","@id":"https:\/\/bc-maasrhein.eu\/partners\/#breadcrumb","itemListElement":[{"@type":"ListItem","position":1,"name":"Home","item":"https:\/\/bc-maasrhein.eu\/"},{"@type":"ListItem","position":2,"name":"Partners"}]},{"@type":"WebSite","@id":"https:\/\/bc-maasrhein.eu\/#website","url":"https:\/\/bc-maasrhein.eu\/","name":"BC Maas Rhein","description":"","potentialAction":[{"@type":"SearchAction","target":{"@type":"EntryPoint","urlTemplate":"https:\/\/bc-maasrhein.eu\/?s={search_term_string}"},"query-input":{"@type":"PropertyValueSpecification","valueRequired":true,"valueName":"search_term_string"}}],"inLanguage":"de"}]}},"_links":{"self":[{"href":"https:\/\/bc-maasrhein.eu\/de\/wp-json\/wp\/v2\/pages\/292","targetHints":{"allow":["GET"]}}],"collection":[{"href":"https:\/\/bc-maasrhein.eu\/de\/wp-json\/wp\/v2\/pages"}],"about":[{"href":"https:\/\/bc-maasrhein.eu\/de\/wp-json\/wp\/v2\/types\/page"}],"author":[{"embeddable":true,"href":"https:\/\/bc-maasrhein.eu\/de\/wp-json\/wp\/v2\/users\/1"}],"replies":[{"embeddable":true,"href":"https:\/\/bc-maasrhein.eu\/de\/wp-json\/wp\/v2\/comments?post=292"}],"version-history":[{"count":31,"href":"https:\/\/bc-maasrhein.eu\/de\/wp-json\/wp\/v2\/pages\/292\/revisions"}],"predecessor-version":[{"id":1112,"href":"https:\/\/bc-maasrhein.eu\/de\/wp-json\/wp\/v2\/pages\/292\/revisions\/1112"}],"wp:attachment":[{"href":"https:\/\/bc-maasrhein.eu\/de\/wp-json\/wp\/v2\/media?parent=292"}],"curies":[{"name":"Welt","href":"https:\/\/api.w.org\/{rel}","templated":true}]}}